{"id":626,"date":"2025-02-18T11:51:51","date_gmt":"2025-02-18T11:51:51","guid":{"rendered":"https:\/\/www.ristart.gr\/?page_id=626"},"modified":"2025-05-26T14:59:48","modified_gmt":"2025-05-26T11:59:48","slug":"contact-us","status":"publish","type":"page","link":"https:\/\/www.ristart.gr\/de\/contact-us\/","title":{"rendered":"Contact Us"},"content":{"rendered":"\t\t<div data-elementor-type=\"wp-page\" data-elementor-id=\"626\" class=\"elementor elementor-626\" data-elementor-post-type=\"page\">\n\t\t\t\t<div class=\"elementor-element elementor-element-aa2caa6 stagger_econ e-flex e-con-boxed e-con e-parent\" data-id=\"aa2caa6\" data-element_type=\"container\" data-e-type=\"container\" data-no-translation=\"\">\n\t\t\t\t\t<div class=\"e-con-inner\">\n\t\t\t\t<div class=\"elementor-element elementor-element-7d7392d mixed-2xl elementor-widget elementor-widget-heading\" data-id=\"7d7392d\" data-element_type=\"widget\" data-e-type=\"widget\" data-widget_type=\"heading.default\">\n\t\t\t\t<div class=\"elementor-widget-container\">\n\t\t\t\t\t<div class=\"elementor-heading-title elementor-size-default\">Wir <span>w\u00fcrden<\/span> uns freuen, von Ihnen zu <span>h\u00f6ren!<\/span><\/div>\t\t\t\t<\/div>\n\t\t\t\t<\/div>\n\t\t\t\t<div class=\"elementor-element elementor-element-9c6bbc9 elementor-widget__width-initial elementor-widget elementor-widget-text-editor\" data-id=\"9c6bbc9\" data-element_type=\"widget\" data-e-type=\"widget\" data-widget_type=\"text-editor.default\">\n\t\t\t\t<div class=\"elementor-widget-container\">\n\t\t\t\t\t\t\t\t\t<p>Lassen Sie uns gemeinsam etwas Au\u00dfergew\u00f6hnliches schaffen. Ob Sie Fragen haben oder Unterst\u00fctzung ben\u00f6tigen \u2013 wir helfen Ihnen gerne, Ihre Marketingreise erfolgreich zu gestalten.<\/p>\t\t\t\t\t\t\t\t<\/div>\n\t\t\t\t<\/div>\n\t\t\t\t\t<\/div>\n\t\t\t\t<\/div>\n\t\t<div class=\"elementor-element elementor-element-5afaef3 stagger_econ e-flex e-con-boxed e-con e-parent\" data-id=\"5afaef3\" data-element_type=\"container\" data-e-type=\"container\" data-start=\"-500 center\">\n\t\t\t\t\t<div class=\"e-con-inner\">\n\t\t<div class=\"elementor-element elementor-element-a0b6470 e-con-full e-flex e-con e-child\" data-id=\"a0b6470\" data-element_type=\"container\" data-e-type=\"container\">\n\t\t<div class=\"elementor-element elementor-element-52fd91a e-con-full e-flex e-con e-child\" data-id=\"52fd91a\" data-element_type=\"container\" data-e-type=\"container\">\n\t\t\t\t<div class=\"elementor-element elementor-element-ae92900 elementor-widget elementor-widget-heading\" data-id=\"ae92900\" data-element_type=\"widget\" data-e-type=\"widget\" data-widget_type=\"heading.default\">\n\t\t\t\t<div class=\"elementor-widget-container\">\n\t\t\t\t\t<div class=\"elementor-heading-title elementor-size-default\">E-mail<\/div>\t\t\t\t<\/div>\n\t\t\t\t<\/div>\n\t\t\t\t<div class=\"elementor-element elementor-element-f25a2ce elementor-widget elementor-widget-heading\" data-id=\"f25a2ce\" data-element_type=\"widget\" data-e-type=\"widget\" data-widget_type=\"heading.default\">\n\t\t\t\t<div class=\"elementor-widget-container\">\n\t\t\t\t\t<div class=\"elementor-heading-title elementor-size-default\"><a href=\"mailto:hello@ristart.gr\">hello@ristart.gr<\/a><\/div>\t\t\t\t<\/div>\n\t\t\t\t<\/div>\n\t\t\t\t<\/div>\n\t\t<div class=\"elementor-element elementor-element-6508253 e-con-full e-flex e-con e-child\" data-id=\"6508253\" data-element_type=\"container\" data-e-type=\"container\">\n\t\t\t\t<div class=\"elementor-element elementor-element-f919c2e elementor-widget elementor-widget-heading\" data-id=\"f919c2e\" data-element_type=\"widget\" data-e-type=\"widget\" data-widget_type=\"heading.default\">\n\t\t\t\t<div class=\"elementor-widget-container\">\n\t\t\t\t\t<div class=\"elementor-heading-title elementor-size-default\">Telephone<\/div>\t\t\t\t<\/div>\n\t\t\t\t<\/div>\n\t\t\t\t<div class=\"elementor-element elementor-element-f6705ff elementor-widget elementor-widget-heading\" data-id=\"f6705ff\" data-element_type=\"widget\" data-e-type=\"widget\" data-widget_type=\"heading.default\">\n\t\t\t\t<div class=\"elementor-widget-container\">\n\t\t\t\t\t<div class=\"elementor-heading-title elementor-size-default\"><a href=\"tel:+30%202310%20530%20650\">+30 2310 530 650<\/a><\/div>\t\t\t\t<\/div>\n\t\t\t\t<\/div>\n\t\t\t\t<\/div>\n\t\t\t\t<\/div>\n\t\t<div class=\"elementor-element elementor-element-80eaf5f e-con-full e-flex e-con e-child\" data-id=\"80eaf5f\" data-element_type=\"container\" data-e-type=\"container\">\n\t\t<div class=\"elementor-element elementor-element-8093216 e-con-full e-flex e-con e-child\" data-id=\"8093216\" data-element_type=\"container\" data-e-type=\"container\">\n\t\t\t\t<div class=\"elementor-element elementor-element-076b073 elementor-widget elementor-widget-heading\" data-id=\"076b073\" data-element_type=\"widget\" data-e-type=\"widget\" data-widget_type=\"heading.default\">\n\t\t\t\t<div class=\"elementor-widget-container\">\n\t\t\t\t\t<div class=\"elementor-heading-title elementor-size-default\">Office<\/div>\t\t\t\t<\/div>\n\t\t\t\t<\/div>\n\t\t\t\t<div class=\"elementor-element elementor-element-1b3150e elementor-widget elementor-widget-text-editor\" data-id=\"1b3150e\" data-element_type=\"widget\" data-e-type=\"widget\" data-widget_type=\"text-editor.default\">\n\t\t\t\t<div class=\"elementor-widget-container\">\n\t\t\t\t\t\t\t\t\t<p>Monastiriou 107-109<br \/>54627 Thessaloniki<br \/>Greece<\/p>\t\t\t\t\t\t\t\t<\/div>\n\t\t\t\t<\/div>\n\t\t\t\t<div class=\"elementor-element elementor-element-6030211 elementor-icon-list--layout-traditional elementor-list-item-link-full_width elementor-widget elementor-widget-icon-list\" data-id=\"6030211\" data-element_type=\"widget\" data-e-type=\"widget\" data-widget_type=\"icon-list.default\">\n\t\t\t\t<div class=\"elementor-widget-container\">\n\t\t\t\t\t\t\t<ul class=\"elementor-icon-list-items\">\n\t\t\t\t\t\t\t<li class=\"elementor-icon-list-item\">\n\t\t\t\t\t\t\t\t\t\t\t<a href=\"https:\/\/maps.app.goo.gl\/s8CFBnczkYeosmWL7\">\n\n\t\t\t\t\t\t\t\t\t\t\t\t<span class=\"elementor-icon-list-icon\">\n\t\t\t\t\t\t\t<svg xmlns=\"http:\/\/www.w3.org\/2000\/svg\" width=\"16\" height=\"20\" viewBox=\"0 0 16 20\" fill=\"none\"><path d=\"M7.61589 10.4167C8.9966 10.4167 10.1159 9.29738 10.1159 7.91667C10.1159 6.53596 8.9966 5.41667 7.61589 5.41667C6.23517 5.41667 5.11589 6.53596 5.11589 7.91667C5.11589 9.29738 6.23517 10.4167 7.61589 10.4167Z\" stroke=\"white\" stroke-width=\"1.66667\" stroke-linecap=\"round\" stroke-linejoin=\"round\"><\/path><path d=\"M7.61589 18.3333C9.28255 15 14.2826 12.8486 14.2826 8.33334C14.2826 4.65144 11.2978 1.66667 7.61589 1.66667C3.93399 1.66667 0.949219 4.65144 0.949219 8.33334C0.949219 12.8486 5.94922 15 7.61589 18.3333Z\" stroke=\"white\" stroke-width=\"1.66667\" stroke-linecap=\"round\" stroke-linejoin=\"round\"><\/path><\/svg>\t\t\t\t\t\t<\/span>\n\t\t\t\t\t\t\t\t\t\t<span class=\"elementor-icon-list-text\">Find us on map<\/span>\n\t\t\t\t\t\t\t\t\t\t\t<\/a>\n\t\t\t\t\t\t\t\t\t<\/li>\n\t\t\t\t\t\t<\/ul>\n\t\t\t\t\t\t<\/div>\n\t\t\t\t<\/div>\n\t\t\t\t<\/div>\n\t\t\t\t<\/div>\n\t\t<div class=\"elementor-element elementor-element-57ac605 e-con-full e-flex e-con e-child\" data-id=\"57ac605\" data-element_type=\"container\" data-e-type=\"container\">\n\t\t<div class=\"elementor-element elementor-element-cac6d1a e-con-full e-flex e-con e-child\" data-id=\"cac6d1a\" data-element_type=\"container\" data-e-type=\"container\">\n\t\t\t\t<div class=\"elementor-element elementor-element-c2eb15c elementor-widget elementor-widget-heading\" data-id=\"c2eb15c\" data-element_type=\"widget\" data-e-type=\"widget\" data-widget_type=\"heading.default\">\n\t\t\t\t<div class=\"elementor-widget-container\">\n\t\t\t\t\t<div class=\"elementor-heading-title elementor-size-default\">Social<\/div>\t\t\t\t<\/div>\n\t\t\t\t<\/div>\n\t\t\t\t<div class=\"elementor-element elementor-element-b5a531e elementor-widget elementor-widget-text-editor\" data-id=\"b5a531e\" data-element_type=\"widget\" data-e-type=\"widget\" data-widget_type=\"text-editor.default\">\n\t\t\t\t<div class=\"elementor-widget-container\">\n\t\t\t\t\t\t\t\t\t<p><a href=\"https:\/\/www.facebook.com\/ristart.gr\">Facebook<\/a><br \/><a href=\"https:\/\/www.instagram.com\/ristart_agency\/\">Instagram<\/a><br \/><a href=\"https:\/\/www.youtube.com\/@ristartmarketingagency\">Youtube<\/a><br \/><a href=\"https:\/\/www.linkedin.com\/company\/ristart-marketing-agency\">LinkedIn<\/a><br \/><a href=\"https:\/\/www.tiktok.com\/@ristart_agency\">TikTok<\/a><\/p>\t\t\t\t\t\t\t\t<\/div>\n\t\t\t\t<\/div>\n\t\t\t\t<\/div>\n\t\t\t\t<\/div>\n\t\t\t\t\t<\/div>\n\t\t\t\t<\/div>\n\t\t<div class=\"elementor-element elementor-element-8a20e4f stagger_econ e-flex e-con-boxed e-con e-parent\" data-id=\"8a20e4f\" data-element_type=\"container\" data-e-type=\"container\">\n\t\t\t\t\t<div class=\"e-con-inner\">\n\t\t\t\t<div class=\"elementor-element elementor-element-4e71d88 elementor-widget elementor-widget-heading\" data-id=\"4e71d88\" data-element_type=\"widget\" data-e-type=\"widget\" data-widget_type=\"heading.default\">\n\t\t\t\t<div class=\"elementor-widget-container\">\n\t\t\t\t\t<div class=\"elementor-heading-title elementor-size-default\">Contact form<\/div>\t\t\t\t<\/div>\n\t\t\t\t<\/div>\n\t\t\t\t<div class=\"elementor-element elementor-element-0d3372a elementor-button-align-end elementor-widget elementor-widget-form\" data-id=\"0d3372a\" data-element_type=\"widget\" data-e-type=\"widget\" data-settings=\"{&quot;step_next_label&quot;:&quot;Next&quot;,&quot;step_previous_label&quot;:&quot;Previous&quot;,&quot;button_width&quot;:&quot;100&quot;,&quot;step_type&quot;:&quot;number_text&quot;,&quot;step_icon_shape&quot;:&quot;circle&quot;}\" data-widget_type=\"form.default\">\n\t\t\t\t<div class=\"elementor-widget-container\">\n\t\t\t\t\t\t\t<form class=\"elementor-form\" method=\"post\" name=\"Contact form\" aria-label=\"Contact form\">\n\t\t\t<input type=\"hidden\" name=\"post_id\" value=\"626\"\/>\n\t\t\t<input type=\"hidden\" name=\"form_id\" value=\"0d3372a\"\/>\n\t\t\t<input type=\"hidden\" name=\"referer_title\" value=\"Contact Us - RISTART\" \/>\n\n\t\t\t\t\t\t\t<input type=\"hidden\" name=\"queried_id\" value=\"626\"\/>\n\t\t\t\n\t\t\t<div class=\"elementor-form-fields-wrapper elementor-labels-above\">\n\t\t\t\t\t\t\t\t<div class=\"elementor-field-type-text elementor-field-group elementor-column elementor-field-group-name elementor-col-50 elementor-field-required elementor-mark-required\">\n\t\t\t\t\t\t\t\t\t\t\t\t<label for=\"form-field-name\" class=\"elementor-field-label\">\n\t\t\t\t\t\t\t\tName\t\t\t\t\t\t\t<\/label>\n\t\t\t\t\t\t\t\t\t\t\t\t\t\t<input size=\"1\" type=\"text\" name=\"form_fields[name]\" id=\"form-field-name\" class=\"elementor-field elementor-size-xs  elementor-field-textual\" required=\"required\">\n\t\t\t\t\t\t\t\t\t\t\t<\/div>\n\t\t\t\t\t\t\t\t<div class=\"elementor-field-type-text elementor-field-group elementor-column elementor-field-group-field_77d5bcf elementor-col-50 elementor-field-required elementor-mark-required\">\n\t\t\t\t\t\t\t\t\t\t\t\t<label for=\"form-field-field_77d5bcf\" class=\"elementor-field-label\">\n\t\t\t\t\t\t\t\tSurname\t\t\t\t\t\t\t<\/label>\n\t\t\t\t\t\t\t\t\t\t\t\t\t\t<input size=\"1\" type=\"text\" name=\"form_fields[field_77d5bcf]\" id=\"form-field-field_77d5bcf\" class=\"elementor-field elementor-size-xs  elementor-field-textual\" required=\"required\">\n\t\t\t\t\t\t\t\t\t\t\t<\/div>\n\t\t\t\t\t\t\t\t<div class=\"elementor-field-type-email elementor-field-group elementor-column elementor-field-group-email elementor-col-50 elementor-field-required elementor-mark-required\">\n\t\t\t\t\t\t\t\t\t\t\t\t<label for=\"form-field-email\" class=\"elementor-field-label\">\n\t\t\t\t\t\t\t\tE-mail\t\t\t\t\t\t\t<\/label>\n\t\t\t\t\t\t\t\t\t\t\t\t\t\t<input size=\"1\" type=\"email\" name=\"form_fields[email]\" id=\"form-field-email\" class=\"elementor-field elementor-size-xs  elementor-field-textual\" required=\"required\">\n\t\t\t\t\t\t\t\t\t\t\t<\/div>\n\t\t\t\t\t\t\t\t<div class=\"elementor-field-type-tel elementor-field-group elementor-column elementor-field-group-field_705aa06 elementor-col-50\">\n\t\t\t\t\t\t\t\t\t\t\t\t<label for=\"form-field-field_705aa06\" class=\"elementor-field-label\">\n\t\t\t\t\t\t\t\tTelephone\t\t\t\t\t\t\t<\/label>\n\t\t\t\t\t\t\t\t<input size=\"1\" type=\"tel\" name=\"form_fields[field_705aa06]\" id=\"form-field-field_705aa06\" class=\"elementor-field elementor-size-xs  elementor-field-textual\" pattern=\"[0-9()#&amp;+*-=.]+\" title=\"Only numbers and phone characters (#, -, *, etc) are accepted.\">\n\n\t\t\t\t\t\t<\/div>\n\t\t\t\t\t\t\t\t<div class=\"elementor-field-type-textarea elementor-field-group elementor-column elementor-field-group-message elementor-col-100 elementor-field-required elementor-mark-required\">\n\t\t\t\t\t\t\t\t\t\t\t\t<label for=\"form-field-message\" class=\"elementor-field-label\">\n\t\t\t\t\t\t\t\tMessage\t\t\t\t\t\t\t<\/label>\n\t\t\t\t\t\t<textarea class=\"elementor-field-textual elementor-field  elementor-size-xs\" name=\"form_fields[message]\" id=\"form-field-message\" rows=\"1\" required=\"required\"><\/textarea>\t\t\t\t<\/div>\n\t\t\t\t\t\t\t\t<div class=\"elementor-field-type-acceptance elementor-field-group elementor-column elementor-field-group-field_78c6e22 elementor-col-100 elementor-field-required elementor-mark-required\">\n\t\t\t\t\t\t\t<div class=\"elementor-field-subgroup\">\n\t\t\t<span class=\"elementor-field-option\">\n\t\t\t\t<input type=\"checkbox\" name=\"form_fields[field_78c6e22]\" id=\"form-field-field_78c6e22\" class=\"elementor-field elementor-size-xs  elementor-acceptance-field\" required=\"required\">\n\t\t\t\t<label for=\"form-field-field_78c6e22\">I have read and agree to the terms and conditions.<\/label>\t\t\t<\/span>\n\t\t<\/div>\n\t\t\t\t\t\t<\/div>\n\t\t\t\t\t\t\t\t<div class=\"elementor-field-type-recaptcha_v3 elementor-field-group elementor-column elementor-field-group-field_a5a85df elementor-col-100 recaptcha_v3-bottomright\">\n\t\t\t\t\t<div class=\"elementor-field\" id=\"form-field-field_a5a85df\"><div class=\"elementor-g-recaptcha\" data-sitekey=\"6LeDl0krAAAAAHbOxxDSZfyPHvP8wbBRNWx-FVKk\" data-type=\"v3\" data-action=\"Form\" data-badge=\"bottomright\" data-size=\"invisible\"><\/div><\/div>\t\t\t\t<\/div>\n\t\t\t\t\t\t\t\t<div class=\"elementor-field-group elementor-column elementor-field-type-submit elementor-col-100 e-form__buttons\">\n\t\t\t\t\t<button class=\"elementor-button elementor-size-sm\" type=\"submit\">\n\t\t\t\t\t\t<span class=\"elementor-button-content-wrapper\">\n\t\t\t\t\t\t\t\t\t\t\t\t\t\t\t<span class=\"elementor-button-icon\">\n\t\t\t\t\t\t\t\t\t<svg xmlns=\"http:\/\/www.w3.org\/2000\/svg\" width=\"18\" height=\"18\" viewBox=\"0 0 18 18\" fill=\"none\"><path d=\"M1 1V2.4C1 5.76031 1 7.44047 1.65396 8.72394C2.2292 9.85292 3.14708 10.7708 4.27606 11.346C5.55953 12 7.23969 12 10.6 12H17M17 12L12 7M17 12L12 17\" stroke=\"white\" stroke-width=\"2\" stroke-linecap=\"round\" stroke-linejoin=\"round\"><\/path><\/svg>\t\t\t\t\t\t\t\t\t\t\t\t\t\t\t\t\t<\/span>\n\t\t\t\t\t\t\t\t\t\t\t\t\t\t\t\t\t\t\t\t\t\t<span class=\"elementor-button-text\">Send!<\/span>\n\t\t\t\t\t\t\t\t\t\t\t\t\t<\/span>\n\t\t\t\t\t<\/button>\n\t\t\t\t<\/div>\n\t\t\t<\/div>\n\t\t<\/form>\n\t\t\t\t\t\t<\/div>\n\t\t\t\t<\/div>\n\t\t\t\t\t<\/div>\n\t\t\t\t<\/div>\n\t\t\t\t<\/div>\n\t\t","protected":false},"excerpt":{"rendered":"<p>We\u2019 d love to hear from you! Let\u2019s connect and create something amazing together. Whether you have a question or need assistance, we\u2019re here to help you navigate your marketing journey. \u0398\u03b1 \u03b8\u03ad\u03bb\u03b1\u03bc\u03b5 \u03c0\u03bf\u03bb\u03cd \u03bd\u03b1 \u03c3\u03b1\u03c2 \u03b1\u03ba\u03bf\u03cd\u03c3\u03bf\u03c5\u03bc\u03b5! \u0391\u03c2 \u03c3\u03c5\u03bd\u03b4\u03b5\u03b8\u03bf\u03cd\u03bc\u03b5 \u03ba\u03b1\u03b9 \u03b1\u03c2 \u03b4\u03b7\u03bc\u03b9\u03bf\u03c5\u03c1\u03b3\u03ae\u03c3\u03bf\u03c5\u03bc\u03b5 \u03ba\u03ac\u03c4\u03b9 \u03ba\u03b1\u03c4\u03b1\u03c0\u03bb\u03b7\u03ba\u03c4\u03b9\u03ba\u03cc \u03bc\u03b1\u03b6\u03af. \u0395\u03af\u03c4\u03b5 \u03ad\u03c7\u03b5\u03c4\u03b5 \u03bc\u03b9\u03b1 \u03b5\u03c1\u03ce\u03c4\u03b7\u03c3\u03b7 \u03b5\u03af\u03c4\u03b5 \u03c7\u03c1\u03b5\u03b9\u03ac\u03b6\u03b5\u03c3\u03c4\u03b5 \u03c5\u03c0\u03bf\u03c3\u03c4\u03ae\u03c1\u03b9\u03be\u03b7, \u03b5\u03af\u03bc\u03b1\u03c3\u03c4\u03b5 \u03b5\u03b4\u03ce \u03b3\u03b9\u03b1 [&hellip;]<\/p>\n","protected":false},"author":2,"featured_media":0,"parent":0,"menu_order":0,"comment_status":"closed","ping_status":"closed","template":"","meta":{"footnotes":""},"class_list":["post-626","page","type-page","status-publish","hentry"],"yoast_head":"<!-- This site is optimized with the Yoast SEO plugin v27.5 - https:\/\/yoast.com\/product\/yoast-seo-wordpress\/ -->\n<title>Contact Us - RISTART<\/title>\n<meta name=\"robots\" content=\"noindex,follow\" \/>\n<link rel=\"canonical\" href=\"https:\/\/www.ristart.gr\/de\/contact-us\/\" \/>\n<meta property=\"og:locale\" content=\"de_DE\" \/>\n<meta property=\"og:type\" content=\"article\" \/>\n<meta property=\"og:title\" content=\"Contact Us - RISTART\" \/>\n<meta property=\"og:description\" content=\"We\u2019 d love to hear from you! Let\u2019s connect and create something amazing together. Whether you have a question or need assistance, we\u2019re here to help you navigate your marketing journey. \u0398\u03b1 \u03b8\u03ad\u03bb\u03b1\u03bc\u03b5 \u03c0\u03bf\u03bb\u03cd \u03bd\u03b1 \u03c3\u03b1\u03c2 \u03b1\u03ba\u03bf\u03cd\u03c3\u03bf\u03c5\u03bc\u03b5! \u0391\u03c2 \u03c3\u03c5\u03bd\u03b4\u03b5\u03b8\u03bf\u03cd\u03bc\u03b5 \u03ba\u03b1\u03b9 \u03b1\u03c2 \u03b4\u03b7\u03bc\u03b9\u03bf\u03c5\u03c1\u03b3\u03ae\u03c3\u03bf\u03c5\u03bc\u03b5 \u03ba\u03ac\u03c4\u03b9 \u03ba\u03b1\u03c4\u03b1\u03c0\u03bb\u03b7\u03ba\u03c4\u03b9\u03ba\u03cc \u03bc\u03b1\u03b6\u03af. \u0395\u03af\u03c4\u03b5 \u03ad\u03c7\u03b5\u03c4\u03b5 \u03bc\u03b9\u03b1 \u03b5\u03c1\u03ce\u03c4\u03b7\u03c3\u03b7 \u03b5\u03af\u03c4\u03b5 \u03c7\u03c1\u03b5\u03b9\u03ac\u03b6\u03b5\u03c3\u03c4\u03b5 \u03c5\u03c0\u03bf\u03c3\u03c4\u03ae\u03c1\u03b9\u03be\u03b7, \u03b5\u03af\u03bc\u03b1\u03c3\u03c4\u03b5 \u03b5\u03b4\u03ce \u03b3\u03b9\u03b1 [&hellip;]\" \/>\n<meta property=\"og:url\" content=\"https:\/\/www.ristart.gr\/de\/contact-us\/\" \/>\n<meta property=\"og:site_name\" content=\"RISTART\" \/>\n<meta property=\"article:publisher\" content=\"https:\/\/www.facebook.com\/ristart.gr\" \/>\n<meta property=\"article:modified_time\" content=\"2025-05-26T11:59:48+00:00\" \/>\n<meta property=\"og:image\" content=\"https:\/\/www.ristart.gr\/wp-content\/uploads\/2025\/08\/KAX_7587-1-e1756284521478.jpg\" \/>\n\t<meta property=\"og:image:width\" content=\"1624\" \/>\n\t<meta property=\"og:image:height\" content=\"1080\" \/>\n\t<meta property=\"og:image:type\" content=\"image\/jpeg\" \/>\n<meta name=\"twitter:card\" content=\"summary_large_image\" \/>\n<meta name=\"twitter:label1\" content=\"Gesch\u00e4tzte Lesezeit\" \/>\n\t<meta name=\"twitter:data1\" content=\"1\u00a0Minute\" \/>\n<script type=\"application\/ld+json\" class=\"yoast-schema-graph\">{\"@context\":\"https:\\\/\\\/schema.org\",\"@graph\":[{\"@type\":\"WebPage\",\"@id\":\"https:\\\/\\\/www.ristart.gr\\\/contact-us\\\/\",\"url\":\"https:\\\/\\\/www.ristart.gr\\\/contact-us\\\/\",\"name\":\"Contact Us - RISTART\",\"isPartOf\":{\"@id\":\"https:\\\/\\\/www.ristart.gr\\\/#website\"},\"datePublished\":\"2025-02-18T11:51:51+00:00\",\"dateModified\":\"2025-05-26T11:59:48+00:00\",\"breadcrumb\":{\"@id\":\"https:\\\/\\\/www.ristart.gr\\\/contact-us\\\/#breadcrumb\"},\"inLanguage\":\"de\",\"potentialAction\":[{\"@type\":\"ReadAction\",\"target\":[\"https:\\\/\\\/www.ristart.gr\\\/contact-us\\\/\"]}]},{\"@type\":\"BreadcrumbList\",\"@id\":\"https:\\\/\\\/www.ristart.gr\\\/contact-us\\\/#breadcrumb\",\"itemListElement\":[{\"@type\":\"ListItem\",\"position\":1,\"name\":\"Home\",\"item\":\"https:\\\/\\\/www.ristart.gr\\\/\"},{\"@type\":\"ListItem\",\"position\":2,\"name\":\"Contact Us\"}]},{\"@type\":\"WebSite\",\"@id\":\"https:\\\/\\\/www.ristart.gr\\\/#website\",\"url\":\"https:\\\/\\\/www.ristart.gr\\\/\",\"name\":\"RISTART\",\"description\":\"We help ambitious brands adapt &amp; grow. We are a strategy-led creative powerhouse delivering clarity, distinctiveness and work that moves the business forward.\",\"publisher\":{\"@id\":\"https:\\\/\\\/www.ristart.gr\\\/#organization\"},\"potentialAction\":[{\"@type\":\"SearchAction\",\"target\":{\"@type\":\"EntryPoint\",\"urlTemplate\":\"https:\\\/\\\/www.ristart.gr\\\/?s={search_term_string}\"},\"query-input\":{\"@type\":\"PropertyValueSpecification\",\"valueRequired\":true,\"valueName\":\"search_term_string\"}}],\"inLanguage\":\"de\"},{\"@type\":\"Organization\",\"@id\":\"https:\\\/\\\/www.ristart.gr\\\/#organization\",\"name\":\"RISTART\",\"url\":\"https:\\\/\\\/www.ristart.gr\\\/\",\"logo\":{\"@type\":\"ImageObject\",\"inLanguage\":\"de\",\"@id\":\"https:\\\/\\\/www.ristart.gr\\\/#\\\/schema\\\/logo\\\/image\\\/\",\"url\":\"https:\\\/\\\/www.ristart.gr\\\/wp-content\\\/uploads\\\/2025\\\/08\\\/Ristart_profile_pic.png\",\"contentUrl\":\"https:\\\/\\\/www.ristart.gr\\\/wp-content\\\/uploads\\\/2025\\\/08\\\/Ristart_profile_pic.png\",\"width\":800,\"height\":800,\"caption\":\"RISTART\"},\"image\":{\"@id\":\"https:\\\/\\\/www.ristart.gr\\\/#\\\/schema\\\/logo\\\/image\\\/\"},\"sameAs\":[\"https:\\\/\\\/www.facebook.com\\\/ristart.gr\",\"https:\\\/\\\/www.instagram.com\\\/ristart_agency\\\/\",\"https:\\\/\\\/www.linkedin.com\\\/company\\\/ristart-marketing-agency\\\/\",\"https:\\\/\\\/www.tiktok.com\\\/@ristart_agency\",\"https:\\\/\\\/www.youtube.com\\\/@ristartmarketingagency\"]}]}<\/script>\n<!-- \/ Yoast SEO plugin. -->","yoast_head_json":{"title":"Contact Us - RISTART","robots":{"index,follow":"noindex,follow"},"canonical":"https:\/\/www.ristart.gr\/de\/contact-us\/","og_locale":"de_DE","og_type":"article","og_title":"Contact Us - RISTART","og_description":"We\u2019 d love to hear from you! Let\u2019s connect and create something amazing together. Whether you have a question or need assistance, we\u2019re here to help you navigate your marketing journey. \u0398\u03b1 \u03b8\u03ad\u03bb\u03b1\u03bc\u03b5 \u03c0\u03bf\u03bb\u03cd \u03bd\u03b1 \u03c3\u03b1\u03c2 \u03b1\u03ba\u03bf\u03cd\u03c3\u03bf\u03c5\u03bc\u03b5! \u0391\u03c2 \u03c3\u03c5\u03bd\u03b4\u03b5\u03b8\u03bf\u03cd\u03bc\u03b5 \u03ba\u03b1\u03b9 \u03b1\u03c2 \u03b4\u03b7\u03bc\u03b9\u03bf\u03c5\u03c1\u03b3\u03ae\u03c3\u03bf\u03c5\u03bc\u03b5 \u03ba\u03ac\u03c4\u03b9 \u03ba\u03b1\u03c4\u03b1\u03c0\u03bb\u03b7\u03ba\u03c4\u03b9\u03ba\u03cc \u03bc\u03b1\u03b6\u03af. \u0395\u03af\u03c4\u03b5 \u03ad\u03c7\u03b5\u03c4\u03b5 \u03bc\u03b9\u03b1 \u03b5\u03c1\u03ce\u03c4\u03b7\u03c3\u03b7 \u03b5\u03af\u03c4\u03b5 \u03c7\u03c1\u03b5\u03b9\u03ac\u03b6\u03b5\u03c3\u03c4\u03b5 \u03c5\u03c0\u03bf\u03c3\u03c4\u03ae\u03c1\u03b9\u03be\u03b7, \u03b5\u03af\u03bc\u03b1\u03c3\u03c4\u03b5 \u03b5\u03b4\u03ce \u03b3\u03b9\u03b1 [&hellip;]","og_url":"https:\/\/www.ristart.gr\/de\/contact-us\/","og_site_name":"RISTART","article_publisher":"https:\/\/www.facebook.com\/ristart.gr","article_modified_time":"2025-05-26T11:59:48+00:00","og_image":[{"width":1624,"height":1080,"url":"https:\/\/www.ristart.gr\/wp-content\/uploads\/2025\/08\/KAX_7587-1-e1756284521478.jpg","type":"image\/jpeg"}],"twitter_card":"summary_large_image","twitter_misc":{"Gesch\u00e4tzte Lesezeit":"1\u00a0Minute"},"schema":{"@context":"https:\/\/schema.org","@graph":[{"@type":"WebPage","@id":"https:\/\/www.ristart.gr\/contact-us\/","url":"https:\/\/www.ristart.gr\/contact-us\/","name":"Contact Us - RISTART","isPartOf":{"@id":"https:\/\/www.ristart.gr\/#website"},"datePublished":"2025-02-18T11:51:51+00:00","dateModified":"2025-05-26T11:59:48+00:00","breadcrumb":{"@id":"https:\/\/www.ristart.gr\/contact-us\/#breadcrumb"},"inLanguage":"de","potentialAction":[{"@type":"ReadAction","target":["https:\/\/www.ristart.gr\/contact-us\/"]}]},{"@type":"BreadcrumbList","@id":"https:\/\/www.ristart.gr\/contact-us\/#breadcrumb","itemListElement":[{"@type":"ListItem","position":1,"name":"Home","item":"https:\/\/www.ristart.gr\/"},{"@type":"ListItem","position":2,"name":"Contact Us"}]},{"@type":"WebSite","@id":"https:\/\/www.ristart.gr\/#website","url":"https:\/\/www.ristart.gr\/","name":"RISTART","description":"We help ambitious brands adapt &amp; grow. We are a strategy-led creative powerhouse delivering clarity, distinctiveness and work that moves the business forward.","publisher":{"@id":"https:\/\/www.ristart.gr\/#organization"},"potentialAction":[{"@type":"SearchAction","target":{"@type":"EntryPoint","urlTemplate":"https:\/\/www.ristart.gr\/?s={search_term_string}"},"query-input":{"@type":"PropertyValueSpecification","valueRequired":true,"valueName":"search_term_string"}}],"inLanguage":"de"},{"@type":"Organization","@id":"https:\/\/www.ristart.gr\/#organization","name":"RISTART","url":"https:\/\/www.ristart.gr\/","logo":{"@type":"ImageObject","inLanguage":"de","@id":"https:\/\/www.ristart.gr\/#\/schema\/logo\/image\/","url":"https:\/\/www.ristart.gr\/wp-content\/uploads\/2025\/08\/Ristart_profile_pic.png","contentUrl":"https:\/\/www.ristart.gr\/wp-content\/uploads\/2025\/08\/Ristart_profile_pic.png","width":800,"height":800,"caption":"RISTART"},"image":{"@id":"https:\/\/www.ristart.gr\/#\/schema\/logo\/image\/"},"sameAs":["https:\/\/www.facebook.com\/ristart.gr","https:\/\/www.instagram.com\/ristart_agency\/","https:\/\/www.linkedin.com\/company\/ristart-marketing-agency\/","https:\/\/www.tiktok.com\/@ristart_agency","https:\/\/www.youtube.com\/@ristartmarketingagency"]}]}},"_links":{"self":[{"href":"https:\/\/www.ristart.gr\/de\/wp-json\/wp\/v2\/pages\/626","targetHints":{"allow":["GET"]}}],"collection":[{"href":"https:\/\/www.ristart.gr\/de\/wp-json\/wp\/v2\/pages"}],"about":[{"href":"https:\/\/www.ristart.gr\/de\/wp-json\/wp\/v2\/types\/page"}],"author":[{"embeddable":true,"href":"https:\/\/www.ristart.gr\/de\/wp-json\/wp\/v2\/users\/2"}],"replies":[{"embeddable":true,"href":"https:\/\/www.ristart.gr\/de\/wp-json\/wp\/v2\/comments?post=626"}],"version-history":[{"count":142,"href":"https:\/\/www.ristart.gr\/de\/wp-json\/wp\/v2\/pages\/626\/revisions"}],"predecessor-version":[{"id":2869,"href":"https:\/\/www.ristart.gr\/de\/wp-json\/wp\/v2\/pages\/626\/revisions\/2869"}],"wp:attachment":[{"href":"https:\/\/www.ristart.gr\/de\/wp-json\/wp\/v2\/media?parent=626"}],"curies":[{"name":"wp","href":"https:\/\/api.w.org\/{rel}","templated":true}]}}